{"id":230,"date":"2020-08-23T05:08:09","date_gmt":"2020-08-23T05:08:09","guid":{"rendered":"https:\/\/bizbergthemes.com\/business-event\/?page_id=230"},"modified":"2022-09-07T19:41:55","modified_gmt":"2022-09-07T19:41:55","slug":"sobre-la-etyc","status":"publish","type":"page","link":"https:\/\/etyc.pol.una.py\/?page_id=230","title":{"rendered":"Sobre la ETyC"},"content":{"rendered":"\t\t<div data-elementor-type=\"wp-page\" data-elementor-id=\"230\" class=\"elementor elementor-230\">\n\t\t\t\t\t\t<section class=\"elementor-section elementor-top-section elementor-element elementor-element-c7b0cb1 elementor-section-boxed elementor-section-height-default elementor-section-height-default\" data-id=\"c7b0cb1\" data-element_type=\"section\">\n\t\t\t\t\t\t<div class=\"elementor-container elementor-column-gap-default\">\n\t\t\t\t\t<div class=\"elementor-column elementor-col-100 elementor-top-column elementor-element elementor-element-b3193fd\" data-id=\"b3193fd\" data-element_type=\"column\">\n\t\t\t<div class=\"elementor-widget-wrap elementor-element-populated\">\n\t\t\t\t\t\t<div class=\"elementor-element elementor-element-16998fbc elementor-widget elementor-widget-text-editor\" data-id=\"16998fbc\" data-element_type=\"widget\" data-widget_type=\"text-editor.default\">\n\t\t\t\t<div class=\"elementor-widget-container\">\n\t\t\t<style>\/*! elementor - v3.21.0 - 26-05-2024 *\/\n.elementor-widget-text-editor.elementor-drop-cap-view-stacked .elementor-drop-cap{background-color:#69727d;color:#fff}.elementor-widget-text-editor.elementor-drop-cap-view-framed .elementor-drop-cap{color:#69727d;border:3px solid;background-color:transparent}.elementor-widget-text-editor:not(.elementor-drop-cap-view-default) .elementor-drop-cap{margin-top:8px}.elementor-widget-text-editor:not(.elementor-drop-cap-view-default) .elementor-drop-cap-letter{width:1em;height:1em}.elementor-widget-text-editor .elementor-drop-cap{float:left;text-align:center;line-height:1;font-size:50px}.elementor-widget-text-editor .elementor-drop-cap-letter{display:inline-block}<\/style>\t\t\t\t<p>La ETyC es la mayor exposici\u00f3n tecnol\u00f3gica, cient\u00edfica y cultural que tiene lugar en la Universidad Nacional de Asunci\u00f3n, organizada anualmente por la Facultad Polit\u00e9cnica (FP-UNA) en el mes de septiembre, en ocasi\u00f3n del aniversario de fundaci\u00f3n de la Universidad Nacional de Asunci\u00f3n.<br \/><br \/>Con este emprendimiento, la FP-UNA aglutina en un espacio los esfuerzos que se realizan en el \u00c1mbito de la educaci\u00f3n superior, con el fuerte apoyo de los sectores educativo, industrial, productivo y de servicios. La misma pretende crear un espacio de interacci\u00f3n, tomando a la investigaci\u00f3n cienti\u00adficotecnologica, la gesti\u00f3n y la extensi\u00f3n universitaria como ejes del vinculo de la Universidad con la ciudadan\u00eda, para responder con anticipaci\u00f3n a las demandas del mundo globalizado, a fin de contribuir al desarrollo sostenible del pai\u00ads.<\/p>\n<p>\u00a0<\/p>\n<h3>Objetivos de la ETyC<\/h3>\n<ul>\n<li>\u00a0Fortalecer el inter\u00e9s hacia la investigaci\u00f3n cient\u00edfica y el desarrollo tecnol\u00f3gico, promoviendo la innovaci\u00f3n y la creatividad.<\/li>\n<li>Consolidar la relaci\u00f3n de los sectores social, industrial y de servicios, con la comunidad educativa, por medio del intercambio de experiencias.<\/li>\n<li>Incentivar proyectos cient\u00edfico-tecnol\u00f3gicos con mentalidad emprendedora y actitud competitiva.<\/li>\n<li>Difundir las actividades de investigaci\u00f3n cient\u00ed\u00adfica y tecnol\u00f3gica de las universidades paraguayas, industrias, empresas, \u00a0 y del sector de servicios.<\/li>\n<li>Brindar un espacio art\u00edstico y cultural donde demostrar talentos y promover la valoraci\u00f3n y la incorporaci\u00f3n de la m\u00fasica, \u00a0la danza, el teatro, la poes\u00eda y otras expresiones art\u00ed\u00adsticas.<\/li>\n<\/ul>\t\t\t\t\t\t<\/div>\n\t\t\t\t<\/div>\n\t\t\t\t\t<\/div>\n\t\t<\/div>\n\t\t\t\t\t<\/div>\n\t\t<\/section>\n\t\t\t\t<\/div>\n\t\t","protected":false},"excerpt":{"rendered":"<p>La ETyC es la mayor exposici\u00f3n tecnol\u00f3gica, cient\u00edfica y cultural que tiene lugar en la Universidad Nacional de Asunci\u00f3n, organizada anualmente por la Facultad Polit\u00e9cnica (FP-UNA) en el mes de septiembre, en ocasi\u00f3n del aniversario de fundaci\u00f3n de la Universidad Nacional de Asunci\u00f3n. Con este emprendimiento, la FP-UNA aglutina en un espacio los esfuerzos que se realizan en el \u00c1mbito&#8230;<\/p>\n","protected":false},"author":1,"featured_media":7,"parent":0,"menu_order":0,"comment_status":"closed","ping_status":"closed","template":"","meta":{"footnotes":""},"class_list":["post-230","page","type-page","status-publish","has-post-thumbnail","hentry"],"_links":{"self":[{"href":"https:\/\/etyc.pol.una.py\/index.php?rest_route=\/wp\/v2\/pages\/230","targetHints":{"allow":["GET"]}}],"collection":[{"href":"https:\/\/etyc.pol.una.py\/index.php?rest_route=\/wp\/v2\/pages"}],"about":[{"href":"https:\/\/etyc.pol.una.py\/index.php?rest_route=\/wp\/v2\/types\/page"}],"author":[{"embeddable":true,"href":"https:\/\/etyc.pol.una.py\/index.php?rest_route=\/wp\/v2\/users\/1"}],"replies":[{"embeddable":true,"href":"https:\/\/etyc.pol.una.py\/index.php?rest_route=%2Fwp%2Fv2%2Fcomments&post=230"}],"version-history":[{"count":8,"href":"https:\/\/etyc.pol.una.py\/index.php?rest_route=\/wp\/v2\/pages\/230\/revisions"}],"predecessor-version":[{"id":324,"href":"https:\/\/etyc.pol.una.py\/index.php?rest_route=\/wp\/v2\/pages\/230\/revisions\/324"}],"wp:featuredmedia":[{"embeddable":true,"href":"https:\/\/etyc.pol.una.py\/index.php?rest_route=\/wp\/v2\/media\/7"}],"wp:attachment":[{"href":"https:\/\/etyc.pol.una.py\/index.php?rest_route=%2Fwp%2Fv2%2Fmedia&parent=230"}],"curies":[{"name":"wp","href":"https:\/\/api.w.org\/{rel}","templated":true}]}}