{"id":164,"date":"2020-08-21T08:22:00","date_gmt":"2020-08-21T08:22:00","guid":{"rendered":"https:\/\/bizbergthemes.com\/business-event\/?page_id=6"},"modified":"2022-09-21T18:52:08","modified_gmt":"2022-09-21T18:52:08","slug":"business-event-free","status":"publish","type":"page","link":"https:\/\/etyc.pol.una.py\/","title":{"rendered":"Business Event Free"},"content":{"rendered":"\t\t<div data-elementor-type=\"wp-page\" data-elementor-id=\"164\" class=\"elementor elementor-164\">\n\t\t\t\t\t\t<section class=\"elementor-section elementor-top-section elementor-element elementor-element-ff76dd0 elementor-section-full_width elementor-section-height-default elementor-section-height-default\" data-id=\"ff76dd0\" data-element_type=\"section\">\n\t\t\t\t\t\t<div class=\"elementor-container elementor-column-gap-no\">\n\t\t\t\t\t<div class=\"elementor-column elementor-col-100 elementor-top-column elementor-element elementor-element-e2c5c8f\" data-id=\"e2c5c8f\" data-element_type=\"column\">\n\t\t\t<div class=\"elementor-widget-wrap elementor-element-populated\">\n\t\t\t\t\t\t<div class=\"elementor-element elementor-element-daa6a18 elementor-widget elementor-widget-naevents_basic_slider\" data-id=\"daa6a18\" data-element_type=\"widget\" data-widget_type=\"naevents_basic_slider.default\">\n\t\t\t\t<div class=\"elementor-widget-container\">\n\t\t\t<div class=\"swiper naeep-swiper-slide swiper-slides swiper-keyboard\" data-loop=\"true\" data-swiper-autoplay=\"false\" data-speed=\"1000\" data-clickpage=\"\" data-effect=\"slide\" data-mousedrag=\"true\" data-swiper=\"container\">\n  <div class=\"swiper-wrapper\">\n\n    \t\t\t\t\t<div class=\"swiper-slide naeep-banner naeep-overlay\" style=\"background-image: url(https:\/\/etyc.pol.una.py\/wp-content\/uploads\/2022\/08\/Fa9MtoeWQAARZbN-2-e1661783608970.jpeg);\" data-swiper-autoplay=\"5000\">\n\t          <div class=\"naeep-table-wrap\">\n\t\t\t        <div class=\"naeep-align-wrap\">\n\t\t\t          <div class=\"banner-container\">\n\t\t\t          \t<div class=\"col-na-row align-items-center\">\n\t\t\t          \t\t<div class=\"col-na-12\">\n\t\t\t\t\t            <div class=\"banner-caption center-align\">\n\t\t\t\t\t            \t<div class=\"naeep-btn-wrap animated\" data-animation=\"none\"><a href=\"http:\/\/etyc.pol.una.py\/actividades\/\"   class=\"btn-one naeep-btn  simple-link-btn\">Conocer m\u00e1s <i class=\"fas fa-arrow-right\" aria-hidden=\"true\"><\/i><\/a><\/div>\t\t\t\t            \t<\/div>\n\t\t\t            \t<\/div>\n\t\t\t            \t\t\t\t          \t<\/div>\n\t\t\t          <\/div>\n\t\t\t        <\/div>\n\t\t\t      <\/div>\n\t        <\/div>\n\t\t\t\t\t\t<\/div>\n\t\t    <\/div>\n\t\t\t\t<\/div>\n\t\t\t\t<\/div>\n\t\t\t\t\t<\/div>\n\t\t<\/div>\n\t\t\t\t\t<\/div>\n\t\t<\/section>\n\t\t\t\t<section class=\"elementor-section elementor-top-section elementor-element elementor-element-d4aadc7 elementor-section-boxed elementor-section-height-default elementor-section-height-default\" data-id=\"d4aadc7\" data-element_type=\"section\">\n\t\t\t\t\t\t\t<div class=\"elementor-background-overlay\"><\/div>\n\t\t\t\t\t\t\t<div class=\"elementor-container elementor-column-gap-default\">\n\t\t\t\t\t<div class=\"elementor-column elementor-col-100 elementor-top-column elementor-element elementor-element-6ec5626\" data-id=\"6ec5626\" data-element_type=\"column\">\n\t\t\t<div class=\"elementor-widget-wrap elementor-element-populated\">\n\t\t\t\t\t\t<div class=\"elementor-element elementor-element-1807e86 elementor-widget elementor-widget-spacer\" data-id=\"1807e86\" data-element_type=\"widget\" data-widget_type=\"spacer.default\">\n\t\t\t\t<div class=\"elementor-widget-container\">\n\t\t\t<style>\/*! elementor - v3.21.0 - 26-05-2024 *\/\n.elementor-column .elementor-spacer-inner{height:var(--spacer-size)}.e-con{--container-widget-width:100%}.e-con-inner>.elementor-widget-spacer,.e-con>.elementor-widget-spacer{width:var(--container-widget-width,var(--spacer-size));--align-self:var(--container-widget-align-self,initial);--flex-shrink:0}.e-con-inner>.elementor-widget-spacer>.elementor-widget-container,.e-con>.elementor-widget-spacer>.elementor-widget-container{height:100%;width:100%}.e-con-inner>.elementor-widget-spacer>.elementor-widget-container>.elementor-spacer,.e-con>.elementor-widget-spacer>.elementor-widget-container>.elementor-spacer{height:100%}.e-con-inner>.elementor-widget-spacer>.elementor-widget-container>.elementor-spacer>.elementor-spacer-inner,.e-con>.elementor-widget-spacer>.elementor-widget-container>.elementor-spacer>.elementor-spacer-inner{height:var(--container-widget-height,var(--spacer-size))}.e-con-inner>.elementor-widget-spacer.elementor-widget-empty,.e-con>.elementor-widget-spacer.elementor-widget-empty{position:relative;min-height:22px;min-width:22px}.e-con-inner>.elementor-widget-spacer.elementor-widget-empty .elementor-widget-empty-icon,.e-con>.elementor-widget-spacer.elementor-widget-empty .elementor-widget-empty-icon{position:absolute;top:0;bottom:0;left:0;right:0;margin:auto;padding:0;width:22px;height:22px}<\/style>\t\t<div class=\"elementor-spacer\">\n\t\t\t<div class=\"elementor-spacer-inner\"><\/div>\n\t\t<\/div>\n\t\t\t\t<\/div>\n\t\t\t\t<\/div>\n\t\t\t\t<div class=\"elementor-element elementor-element-a71ec37 elementor-invisible elementor-widget elementor-widget-heading\" data-id=\"a71ec37\" data-element_type=\"widget\" data-settings=\"{&quot;_animation&quot;:&quot;fadeInDown&quot;}\" data-widget_type=\"heading.default\">\n\t\t\t\t<div class=\"elementor-widget-container\">\n\t\t\t<style>\/*! elementor - v3.21.0 - 26-05-2024 *\/\n.elementor-heading-title{padding:0;margin:0;line-height:1}.elementor-widget-heading .elementor-heading-title[class*=elementor-size-]>a{color:inherit;font-size:inherit;line-height:inherit}.elementor-widget-heading .elementor-heading-title.elementor-size-small{font-size:15px}.elementor-widget-heading .elementor-heading-title.elementor-size-medium{font-size:19px}.elementor-widget-heading .elementor-heading-title.elementor-size-large{font-size:29px}.elementor-widget-heading .elementor-heading-title.elementor-size-xl{font-size:39px}.elementor-widget-heading .elementor-heading-title.elementor-size-xxl{font-size:59px}<\/style><h2 class=\"elementor-heading-title elementor-size-default\">Noticias<\/h2>\t\t<\/div>\n\t\t\t\t<\/div>\n\t\t\t\t<div class=\"elementor-element elementor-element-a42b50e elementor-widget elementor-widget-spacer\" data-id=\"a42b50e\" data-element_type=\"widget\" data-widget_type=\"spacer.default\">\n\t\t\t\t<div class=\"elementor-widget-container\">\n\t\t\t\t\t<div class=\"elementor-spacer\">\n\t\t\t<div class=\"elementor-spacer-inner\"><\/div>\n\t\t<\/div>\n\t\t\t\t<\/div>\n\t\t\t\t<\/div>\n\t\t\t\t<div class=\"elementor-element elementor-element-ccbea2b elementor-invisible elementor-widget elementor-widget-naevents_basic_blog\" data-id=\"ccbea2b\" data-element_type=\"widget\" data-settings=\"{&quot;_animation&quot;:&quot;fadeInUp&quot;}\" data-widget_type=\"naevents_basic_blog.default\">\n\t\t\t\t<div class=\"elementor-widget-container\">\n\t\t\t\t\t<div class=\"naeep-blog-wrap\">\n\t\t\t<div class=\"col-na-row\">\n\n\t\t\t\t\t\t<div class=\"col-na-4\">\n\t\t\t\t<div class=\"naeep-news-item\">\n\t\t\t\t  \t\t\t\t\t  <div class=\"naeep-image\">\n\t\t\t\t\t    <a href=\"https:\/\/etyc.pol.una.py\/?p=953\"><img decoding=\"async\" src=\"https:\/\/etyc.pol.una.py\/wp-content\/uploads\/2022\/09\/Nueva-imagen-1-1.jpg\" alt=\"VII Jornada de Ingenier\u00eda Cl\u00ednica y Electr\u00f3nica M\u00e9dica\"><\/a>\n\t\t\t\t\t  <\/div>\n\t\t\t\t\t\t\t\t\t  <div class=\"news-info naeep-item\">\n\t\t\t  \t\t\t\t\t\t  \t<ul class=\"news-meta\">\n\t\t\t\t  \t\t\t\t\t\t\t\t\t<li>29 de septiembre de 2022<\/li>\t\t\t\t\t\t<\/ul>\n\t\t\t\t    \t\t\t\t  \t<h3 class=\"news-title\"><a href=\"https:\/\/etyc.pol.una.py\/?p=953\">VII Jornada de Ingenier\u00eda Cl\u00ednica y Electr\u00f3nica M\u00e9dica<\/a><\/h3>\n\t\t\t\t\t\t<p>La VII Jornada de Ingenier\u00eda Cl\u00ednica y Electr\u00f3nica M\u00e9dica \u201cCriterios para la elecci\u00f3n de un equipo de esterilizaci\u00f3n de forma segura\u201d se desarroll\u00f3 el pasado viernes 23 de setiembre a partir de las 13:30 h en la modalidad virtual y con transmisi\u00f3n en vivo a trav\u00e9s del canal de Youtube de la carrera Ingenier\u00eda en Electr\u00f3nica, en el marco de&#8230;<\/p>\n\t\t  \t\t\t<div class=\"naeep-btn-wrap\">\n\t\t  \t\t\t\t<a href=\"https:\/\/etyc.pol.una.py\/?p=953\" class=\"naeep-btn\">Leer m\u00e1s<\/a>\n\t\t  \t\t\t<\/div>\n\t\t\t\t  <\/div>\n\t\t\t\t<\/div>\n\t\t\t<\/div>\n\t\t\t\t\t\t<div class=\"col-na-4\">\n\t\t\t\t<div class=\"naeep-news-item\">\n\t\t\t\t  \t\t\t\t\t  <div class=\"naeep-image\">\n\t\t\t\t\t    <a href=\"https:\/\/etyc.pol.una.py\/?p=944\"><img decoding=\"async\" src=\"https:\/\/etyc.pol.una.py\/wp-content\/uploads\/2022\/09\/Bioworkshop-3-min.jpg\" alt=\"Bioworkshop en la FP-UNA\"><\/a>\n\t\t\t\t\t  <\/div>\n\t\t\t\t\t\t\t\t\t  <div class=\"news-info naeep-item\">\n\t\t\t  \t\t\t\t\t\t  \t<ul class=\"news-meta\">\n\t\t\t\t  \t\t\t\t\t\t\t\t\t<li>28 de septiembre de 2022<\/li>\t\t\t\t\t\t<\/ul>\n\t\t\t\t    \t\t\t\t  \t<h3 class=\"news-title\"><a href=\"https:\/\/etyc.pol.una.py\/?p=944\">Bioworkshop en la FP-UNA<\/a><\/h3>\n\t\t\t\t\t\t<p>El Bioworkshop del Laboratorio de Electr\u00f3nica M\u00e9dica del Departamento de Laboratorios Acad\u00e9micos de la FP-UNA, se desarroll\u00f3 el pasado mi\u00e9rcoles 21 de setiembre a partir de las 18:00 h en el Aula Postgrado B02 y con transmisi\u00f3n en vivo a trav\u00e9s de Youtube en el marco de la XX Exposici\u00f3n Tecnol\u00f3gica y Cient\u00edfica, ETyC 2022. Durante la misma se desarrollaron&#8230;<\/p>\n\t\t  \t\t\t<div class=\"naeep-btn-wrap\">\n\t\t  \t\t\t\t<a href=\"https:\/\/etyc.pol.una.py\/?p=944\" class=\"naeep-btn\">Leer m\u00e1s<\/a>\n\t\t  \t\t\t<\/div>\n\t\t\t\t  <\/div>\n\t\t\t\t<\/div>\n\t\t\t<\/div>\n\t\t\t\t\t\t<div class=\"col-na-4\">\n\t\t\t\t<div class=\"naeep-news-item\">\n\t\t\t\t  \t\t\t\t\t  <div class=\"naeep-image\">\n\t\t\t\t\t    <a href=\"https:\/\/etyc.pol.una.py\/?p=934\"><img decoding=\"async\" src=\"https:\/\/etyc.pol.una.py\/wp-content\/uploads\/2022\/09\/DSC_2474-min-scaled-e1664317568920.jpg\" alt=\"Competencia de avioncitos de papel\"><\/a>\n\t\t\t\t\t  <\/div>\n\t\t\t\t\t\t\t\t\t  <div class=\"news-info naeep-item\">\n\t\t\t  \t\t\t\t\t\t  \t<ul class=\"news-meta\">\n\t\t\t\t  \t\t\t\t\t\t\t\t\t<li>27 de septiembre de 2022<\/li>\t\t\t\t\t\t<\/ul>\n\t\t\t\t    \t\t\t\t  \t<h3 class=\"news-title\"><a href=\"https:\/\/etyc.pol.una.py\/?p=934\">Competencia de avioncitos de papel<\/a><\/h3>\n\t\t\t\t\t\t<p>Ni\u00f1os de 5 a 9 a\u00f1os de edad participaron de la Competencia de Avioncitos de Papel llevada a cabo el viernes, 23 de setiembre a partir de las 15:00 h en el Hangar del Laboratorio de Aeron\u00e1utica del Bloque H de la FP-UNA, en el marco de la XX Exposici\u00f3n Tecnol\u00f3gica y Cient\u00edfica, ETYC 2022. Durante la competencia los participantes&#8230;<\/p>\n\t\t  \t\t\t<div class=\"naeep-btn-wrap\">\n\t\t  \t\t\t\t<a href=\"https:\/\/etyc.pol.una.py\/?p=934\" class=\"naeep-btn\">Leer m\u00e1s<\/a>\n\t\t  \t\t\t<\/div>\n\t\t\t\t  <\/div>\n\t\t\t\t<\/div>\n\t\t\t<\/div>\n\t\t\t\t\t\t<\/div>\n\t\t        <div class=\"naeep-pagination\">\n        <ul class='page-numbers'>\n\t<li><span aria-current=\"page\" class=\"page-numbers current\">1<\/span><\/li>\n\t<li><a class=\"page-numbers\" href=\"https:\/\/etyc.pol.una.py\/index.php?rest_route=%2Fwp%2Fv2%2Fpages%2F164&#038;paged=2\">2<\/a><\/li>\n\t<li><a class=\"page-numbers\" href=\"https:\/\/etyc.pol.una.py\/index.php?rest_route=%2Fwp%2Fv2%2Fpages%2F164&#038;paged=3\">3<\/a><\/li>\n\t<li><span class=\"page-numbers dots\">&hellip;<\/span><\/li>\n\t<li><a class=\"page-numbers\" href=\"https:\/\/etyc.pol.una.py\/index.php?rest_route=%2Fwp%2Fv2%2Fpages%2F164&#038;paged=7\">7<\/a><\/li>\n\t<li><a class=\"next page-numbers\" href=\"https:\/\/etyc.pol.una.py\/index.php?rest_route=%2Fwp%2Fv2%2Fpages%2F164&#038;paged=2\"><i class=\"fa fa-angle-double-right\" aria-hidden=\"true\"><\/i><\/a><\/li>\n<\/ul>\n      <\/div>\n    \t\t<\/div>\n\t  \t\t<\/div>\n\t\t\t\t<\/div>\n\t\t\t\t\t<\/div>\n\t\t<\/div>\n\t\t\t\t\t<\/div>\n\t\t<\/section>\n\t\t\t\t<section class=\"elementor-section elementor-top-section elementor-element elementor-element-2e42ee1b elementor-section-boxed elementor-section-height-default elementor-section-height-default\" data-id=\"2e42ee1b\" data-element_type=\"section\">\n\t\t\t\t\t\t\t<div class=\"elementor-background-overlay\"><\/div>\n\t\t\t\t\t\t\t<div class=\"elementor-container elementor-column-gap-default\">\n\t\t\t\t\t<div class=\"elementor-column elementor-col-50 elementor-top-column elementor-element elementor-element-13d021e elementor-invisible\" data-id=\"13d021e\" data-element_type=\"column\" data-settings=\"{&quot;animation&quot;:&quot;fadeInLeft&quot;}\">\n\t\t\t<div class=\"elementor-widget-wrap elementor-element-populated\">\n\t\t\t\t\t\t<div class=\"elementor-element elementor-element-c13df9a elementor-widget elementor-widget-google_maps\" data-id=\"c13df9a\" data-element_type=\"widget\" data-widget_type=\"google_maps.default\">\n\t\t\t\t<div class=\"elementor-widget-container\">\n\t\t\t<style>\/*! elementor - v3.21.0 - 26-05-2024 *\/\n.elementor-widget-google_maps .elementor-widget-container{overflow:hidden}.elementor-widget-google_maps .elementor-custom-embed{line-height:0}.elementor-widget-google_maps iframe{height:300px}<\/style>\t\t<div class=\"elementor-custom-embed\">\n\t\t\t<iframe loading=\"lazy\"\n\t\t\t\t\tsrc=\"https:\/\/maps.google.com\/maps?q=Facultad%20polit%C3%A9cnica&#038;t=m&#038;z=10&#038;output=embed&#038;iwloc=near\"\n\t\t\t\t\ttitle=\"Facultad polit\u00e9cnica\"\n\t\t\t\t\taria-label=\"Facultad polit\u00e9cnica\"\n\t\t\t><\/iframe>\n\t\t<\/div>\n\t\t\t\t<\/div>\n\t\t\t\t<\/div>\n\t\t\t\t\t<\/div>\n\t\t<\/div>\n\t\t\t\t<div class=\"elementor-column elementor-col-50 elementor-top-column elementor-element elementor-element-63f8b3a9 elementor-invisible\" data-id=\"63f8b3a9\" data-element_type=\"column\" data-settings=\"{&quot;animation&quot;:&quot;fadeInRight&quot;}\">\n\t\t\t<div class=\"elementor-widget-wrap elementor-element-populated\">\n\t\t\t\t\t\t<div class=\"elementor-element elementor-element-36c970b4 elementor-widget elementor-widget-eael-feature-list\" data-id=\"36c970b4\" data-element_type=\"widget\" data-widget_type=\"eael-feature-list.default\">\n\t\t\t\t<div class=\"elementor-widget-container\">\n\t\t\t\t\t<div class=\"-icon-position-left -tablet-icon-position-left -mobile-icon-position-left\">\n\t\t\t<ul id=\"eael-feature-list-36c970b4\" class=\"eael-feature-list-items circle stacked  eael-feature-list-vertical\">\n\t\t\t                <li class=\"eael-feature-list-item elementor-repeater-item-1a4648a\">\n                    \n\t\t\t\t\t\t<div class=\"eael-feature-list-icon-box\">\n\t\t\t\t\t\t\t<div class=\"eael-feature-list-icon-inner\">\n\n\t\t\t\t\t\t\t\t<span class=\"eael-feature-list-icon fl-icon-0\">\n\n\t\t<i aria-hidden=\"true\" class=\"fas fa-map-marked-alt\"><\/i>\t\t\t\t\t\t\t\t<\/span>\n\t\t\t\t\t\t\t<\/div>\n\t\t\t\t\t\t<\/div>\n\t\t\t\t\t\t<div class=\"eael-feature-list-content-box\">\n                            <h4 class=\"eael-feature-list-title\">Ubicaci\u00f3n<\/h4>\t\t\t\t\t\t<p class=\"eael-feature-list-content\">Facultad Polit\u00e9cnica, UNA\n\nCampus de la UNA, San Lorenzo - PY<\/p>\n\t\t\t\t\t\t<\/div>\n\n\t\t\t\t\t<\/li>\n\t\t\t\t                <li class=\"eael-feature-list-item elementor-repeater-item-fb65dda\">\n                    \n\t\t\t\t\t\t<div class=\"eael-feature-list-icon-box\">\n\t\t\t\t\t\t\t<div class=\"eael-feature-list-icon-inner\">\n\n\t\t\t\t\t\t\t\t<span class=\"eael-feature-list-icon fl-icon-1\">\n\n\t\t<i aria-hidden=\"true\" class=\"fas fa-phone-alt\"><\/i>\t\t\t\t\t\t\t\t<\/span>\n\t\t\t\t\t\t\t<\/div>\n\t\t\t\t\t\t<\/div>\n\t\t\t\t\t\t<div class=\"eael-feature-list-content-box\">\n                            <h4 class=\"eael-feature-list-title\">Tel\u00e9fono<\/h4>\t\t\t\t\t\t<p class=\"eael-feature-list-content\">(021) 58 87 171\n<\/p>\n\t\t\t\t\t\t<\/div>\n\n\t\t\t\t\t<\/li>\n\t\t\t\t                <li class=\"eael-feature-list-item elementor-repeater-item-5963a44\">\n                    \n\t\t\t\t\t\t<div class=\"eael-feature-list-icon-box\">\n\t\t\t\t\t\t\t<div class=\"eael-feature-list-icon-inner\">\n\n\t\t\t\t\t\t\t\t<span class=\"eael-feature-list-icon fl-icon-2\">\n\n\t\t<i aria-hidden=\"true\" class=\"fas fa-comment-alt\"><\/i>\t\t\t\t\t\t\t\t<\/span>\n\t\t\t\t\t\t\t<\/div>\n\t\t\t\t\t\t<\/div>\n\t\t\t\t\t\t<div class=\"eael-feature-list-content-box\">\n                            <h4 class=\"eael-feature-list-title\">Correo Electr\u00f3nico<\/h4>\t\t\t\t\t\t<p class=\"eael-feature-list-content\">etyc@pol.una.py\n\n\n<\/p>\n\t\t\t\t\t\t<\/div>\n\n\t\t\t\t\t<\/li>\n\t\t\t\t\t\t\t<\/ul>\n\t\t<\/div>\n\t\t\t\t<\/div>\n\t\t\t\t<\/div>\n\t\t\t\t\t<\/div>\n\t\t<\/div>\n\t\t\t\t\t<\/div>\n\t\t<\/section>\n\t\t\t\t<\/div>\n\t\t","protected":false},"excerpt":{"rendered":"<p>Conocer m\u00e1s Noticias 21 de septiembre de 2022 Programa del Evento &#8211; D\u00eda 2 Mi\u00e9rcoles 20-09 Horario Actividad\u00a0 Enlace\u00a0 o Lugar 10:00 XIV Foro de la Educacion Superior Presencial 10:00 Por UNA accesible para todos. https:\/\/n9.cl\/t35wi 10:00 Gu\u00edado Tur\u00edstico por las instalaciones de la FPUNA y el laboratorio de LGH \u00abProf. Juan Alberto Speratti Presencial 14:00 Charla: \u00abLos sistemas de&#8230;<\/p>\n","protected":false},"author":1,"featured_media":0,"parent":0,"menu_order":0,"comment_status":"closed","ping_status":"closed","template":"elementor_header_footer","meta":{"footnotes":""},"class_list":["post-164","page","type-page","status-publish","hentry"],"_links":{"self":[{"href":"https:\/\/etyc.pol.una.py\/index.php?rest_route=\/wp\/v2\/pages\/164","targetHints":{"allow":["GET"]}}],"collection":[{"href":"https:\/\/etyc.pol.una.py\/index.php?rest_route=\/wp\/v2\/pages"}],"about":[{"href":"https:\/\/etyc.pol.una.py\/index.php?rest_route=\/wp\/v2\/types\/page"}],"author":[{"embeddable":true,"href":"https:\/\/etyc.pol.una.py\/index.php?rest_route=\/wp\/v2\/users\/1"}],"replies":[{"embeddable":true,"href":"https:\/\/etyc.pol.una.py\/index.php?rest_route=%2Fwp%2Fv2%2Fcomments&post=164"}],"version-history":[{"count":56,"href":"https:\/\/etyc.pol.una.py\/index.php?rest_route=\/wp\/v2\/pages\/164\/revisions"}],"predecessor-version":[{"id":725,"href":"https:\/\/etyc.pol.una.py\/index.php?rest_route=\/wp\/v2\/pages\/164\/revisions\/725"}],"wp:attachment":[{"href":"https:\/\/etyc.pol.una.py\/index.php?rest_route=%2Fwp%2Fv2%2Fmedia&parent=164"}],"curies":[{"name":"wp","href":"https:\/\/api.w.org\/{rel}","templated":true}]}}